{"id":47,"date":"2024-07-24T14:15:23","date_gmt":"2024-07-24T12:15:23","guid":{"rendered":"http:\/\/pepites.net\/?page_id=47"},"modified":"2024-10-25T16:02:47","modified_gmt":"2024-10-25T14:02:47","slug":"about","status":"publish","type":"page","link":"http:\/\/pepites.net\/?page_id=47","title":{"rendered":"Le sur-mesure"},"content":{"rendered":"\n<h2 class=\"wp-block-heading has-large-font-size\" id=\"inspiro-is-a-digital-product-agency-that-focuses-on-strategy-and-design\" style=\"font-style:normal;font-weight:100\">La co-conceptualisation et le design thinking pour ceux qui ont besoin d&#8217;\u00eatre accompagn\u00e9 dans le processus de cr\u00e9ation et aussi et surtout des techniques pour donner corps aux id\u00e9es. Pour cela plusieurs technologies au service de vos cr\u00e9ations.<\/h2>\n\n\n\n<div style=\"height:100px\" aria-hidden=\"true\" class=\"wp-block-spacer\"><\/div>\n\n\n\n<div class=\"wp-block-columns alignwide is-layout-flex wp-container-core-columns-is-layout-9d6595d7 wp-block-columns-is-layout-flex\">\n<div class=\"wp-block-column is-layout-flow wp-block-column-is-layout-flow\">\n<figure class=\"wp-block-image size-large is-resized\"><img fetchpriority=\"high\" decoding=\"async\" width=\"768\" height=\"1024\" src=\"http:\/\/pepites.net\/wp-content\/uploads\/2024\/07\/IMG_5183-2-768x1024.jpg\" alt=\"\" class=\"wp-image-163\" style=\"width:367px;height:auto\" srcset=\"http:\/\/pepites.net\/wp-content\/uploads\/2024\/07\/IMG_5183-2-768x1024.jpg 768w, http:\/\/pepites.net\/wp-content\/uploads\/2024\/07\/IMG_5183-2-scaled-600x800.jpg 600w, http:\/\/pepites.net\/wp-content\/uploads\/2024\/07\/IMG_5183-2-225x300.jpg 225w, http:\/\/pepites.net\/wp-content\/uploads\/2024\/07\/IMG_5183-2-2000x2667.jpg 2000w, http:\/\/pepites.net\/wp-content\/uploads\/2024\/07\/IMG_5183-2-scaled.jpg 1920w\" sizes=\"(max-width: 768px) 100vw, 768px\" \/><\/figure>\n\n\n\n<p class=\"has-black-color has-text-color has-medium-font-size\"><a href=\"#\">La d\u00e9coupe plasma m\u00e9tal<\/a><\/p>\n\n\n\n<p class=\"has-text-color\" style=\"color:#7a7a7a\">La d\u00e9coupe plasma m\u00e9tal est un proc\u00e9d\u00e9 qui utilise un jet de plasma (un gaz ionis\u00e9 \u00e0 tr\u00e8s haute temp\u00e9rature) pour d\u00e9couper des mat\u00e9riaux conducteurs, principalement des m\u00e9taux. Le plasma, projet\u00e9 \u00e0 grande vitesse \u00e0 travers une buse, fond le m\u00e9tal et l&#8217;\u00e9vacue, permettant des d\u00e9coupes pr\u00e9cises et rapides dans l&#8217;acier, l&#8217;aluminium et d&#8217;autres m\u00e9taux.<\/p>\n<\/div>\n\n\n\n<div class=\"wp-block-column is-layout-flow wp-block-column-is-layout-flow\">\n<figure class=\"wp-block-image size-large is-resized\"><img decoding=\"async\" width=\"768\" height=\"1024\" src=\"http:\/\/pepites.net\/wp-content\/uploads\/2024\/07\/IMG_5724-768x1024.jpg\" alt=\"\" class=\"wp-image-176\" style=\"width:368px;height:auto\" srcset=\"http:\/\/pepites.net\/wp-content\/uploads\/2024\/07\/IMG_5724-768x1024.jpg 768w, http:\/\/pepites.net\/wp-content\/uploads\/2024\/07\/IMG_5724-scaled-600x800.jpg 600w, http:\/\/pepites.net\/wp-content\/uploads\/2024\/07\/IMG_5724-225x300.jpg 225w, http:\/\/pepites.net\/wp-content\/uploads\/2024\/07\/IMG_5724-2000x2667.jpg 2000w, http:\/\/pepites.net\/wp-content\/uploads\/2024\/07\/IMG_5724-scaled.jpg 1920w\" sizes=\"(max-width: 768px) 100vw, 768px\" \/><\/figure>\n\n\n\n<p class=\"has-black-color has-text-color has-medium-font-size\"><a href=\"#\">La d\u00e9coupe laser bois<\/a><\/p>\n\n\n\n<p class=\"has-text-color\" style=\"color:#7a7a7a\">La d\u00e9coupe laser CO2 bois utilise un laser \u00e0 dioxyde de carbone pour d\u00e9couper le bois avec une grande pr\u00e9cision. Le faisceau laser, concentr\u00e9 par des lentilles, chauffe et vaporise le bois, permettant des d\u00e9coupes fines et des gravures d\u00e9taill\u00e9es. Ce proc\u00e9d\u00e9 est particuli\u00e8rement efficace pour des projets n\u00e9cessitant des motifs complexes, des bords nets, et est couramment utilis\u00e9 dans la fabrication de meubles, de panneaux d\u00e9coratifs, et d&#8217;objets artisanaux.<\/p>\n<\/div>\n\n\n\n<div class=\"wp-block-column is-layout-flow wp-block-column-is-layout-flow\">\n<figure class=\"wp-block-image size-large is-resized\"><img decoding=\"async\" width=\"829\" height=\"1024\" src=\"http:\/\/pepites.net\/wp-content\/uploads\/2024\/07\/IMG_5826-829x1024.jpg\" alt=\"\" class=\"wp-image-173\" style=\"width:396px;height:auto\" srcset=\"http:\/\/pepites.net\/wp-content\/uploads\/2024\/07\/IMG_5826-829x1024.jpg 829w, http:\/\/pepites.net\/wp-content\/uploads\/2024\/07\/IMG_5826-scaled-600x742.jpg 600w, http:\/\/pepites.net\/wp-content\/uploads\/2024\/07\/IMG_5826-243x300.jpg 243w, http:\/\/pepites.net\/wp-content\/uploads\/2024\/07\/IMG_5826-2000x2472.jpg 2000w\" sizes=\"(max-width: 829px) 100vw, 829px\" \/><\/figure>\n\n\n\n<p class=\"has-black-color has-text-color has-medium-font-size\"><a href=\"#\">La gravure<\/a><\/p>\n\n\n\n<p class=\"has-text-color\" style=\"color:#7a7a7a\">La gravure laser CO2 utilise un laser \u00e0 dioxyde de carbone pour marquer ou graver des mat\u00e9riaux comme le bois, le verre, l\u2019ardoise, l\u2019acrylique et le m\u00e9tal. Le faisceau laser vaporise la surface du mat\u00e9riau, cr\u00e9ant des gravures pr\u00e9cises et permanentes avec des d\u00e9tails fins. Ce proc\u00e9d\u00e9 est id\u00e9al pour personnaliser des objets, cr\u00e9er des logos, des motifs d\u00e9coratifs, ou des inscriptions, tout en offrant une grande flexibilit\u00e9 dans les designs.<\/p>\n<\/div>\n<\/div>\n\n\n\n<div class=\"wp-block-columns alignwide is-layout-flex wp-container-core-columns-is-layout-9d6595d7 wp-block-columns-is-layout-flex\">\n<div class=\"wp-block-column is-layout-flow wp-block-column-is-layout-flow\">\n<figure class=\"wp-block-image size-large is-resized\"><img loading=\"lazy\" decoding=\"async\" width=\"582\" height=\"1024\" src=\"http:\/\/pepites.net\/wp-content\/uploads\/2024\/07\/IMG_5825-582x1024.jpg\" alt=\"\" class=\"wp-image-174\" style=\"width:287px;height:auto\" srcset=\"http:\/\/pepites.net\/wp-content\/uploads\/2024\/07\/IMG_5825-582x1024.jpg 582w, http:\/\/pepites.net\/wp-content\/uploads\/2024\/07\/IMG_5825-600x1056.jpg 600w, http:\/\/pepites.net\/wp-content\/uploads\/2024\/07\/IMG_5825-170x300.jpg 170w, http:\/\/pepites.net\/wp-content\/uploads\/2024\/07\/IMG_5825.jpg 1170w\" sizes=\"(max-width: 582px) 100vw, 582px\" \/><\/figure>\n\n\n\n<p class=\"has-black-color has-text-color has-medium-font-size\"><a href=\"#\">L&#8217;impression DTG<\/a><\/p>\n\n\n\n<p class=\"has-text-color\" style=\"color:#7a7a7a\">L&#8217;impression transfert DTG combine l&#8217;impression directe sur textile (DTG) avec un processus de transfert. D&#8217;abord, le motif est imprim\u00e9 sur un film de transfert sp\u00e9cial \u00e0 l&#8217;aide d&#8217;une imprimante DTG, puis il est appliqu\u00e9 sur le tissu \u00e0 l&#8217;aide d&#8217;une presse \u00e0 chaud. Cette m\u00e9thode permet une bonne adh\u00e9rence des couleurs, m\u00eame sur des tissus difficiles, tout en conservant la qualit\u00e9 et les d\u00e9tails du design. C&#8217;est une solution pratique pour personnaliser des textiles avec des motifs complexes ou multicolores.<\/p>\n<\/div>\n\n\n\n<div class=\"wp-block-column is-layout-flow wp-block-column-is-layout-flow\">\n<figure class=\"wp-block-image size-large is-resized\"><img loading=\"lazy\" decoding=\"async\" width=\"768\" height=\"1024\" src=\"http:\/\/pepites.net\/wp-content\/uploads\/2024\/07\/IMG_5830-768x1024.jpg\" alt=\"\" class=\"wp-image-177\" style=\"width:378px;height:auto\" srcset=\"http:\/\/pepites.net\/wp-content\/uploads\/2024\/07\/IMG_5830-768x1024.jpg 768w, http:\/\/pepites.net\/wp-content\/uploads\/2024\/07\/IMG_5830-scaled-600x800.jpg 600w, http:\/\/pepites.net\/wp-content\/uploads\/2024\/07\/IMG_5830-225x300.jpg 225w, http:\/\/pepites.net\/wp-content\/uploads\/2024\/07\/IMG_5830-2000x2667.jpg 2000w, http:\/\/pepites.net\/wp-content\/uploads\/2024\/07\/IMG_5830-scaled.jpg 1920w\" sizes=\"(max-width: 768px) 100vw, 768px\" \/><\/figure>\n\n\n\n<p class=\"has-black-color has-text-color has-medium-font-size\"><a href=\"#\">L&#8217;impression textil<\/a>e DTG<\/p>\n\n\n\n<p class=\"has-text-color\" style=\"color:#7a7a7a\">L&#8217;impression DTG (Direct-to-Garment) est une technique qui permet d&#8217;imprimer directement des motifs ou des images sur des textiles, comme des t-shirts, \u00e0 l&#8217;aide d&#8217;une imprimante sp\u00e9cialis\u00e9e. Cette m\u00e9thode utilise des encres \u00e0 base d&#8217;eau qui sont absorb\u00e9es par les fibres du tissu, offrant des impressions d\u00e9taill\u00e9es, durables, et aux couleurs vives. L&#8217;impression DTG est id\u00e9ale pour des petites s\u00e9ries ou des designs complexes, permettant une personnalisation rapide et de haute qualit\u00e9.<\/p>\n<\/div>\n\n\n\n<div class=\"wp-block-column is-layout-flow wp-block-column-is-layout-flow\">\n<figure class=\"wp-block-image size-large is-resized\"><img loading=\"lazy\" decoding=\"async\" width=\"578\" height=\"1024\" src=\"http:\/\/pepites.net\/wp-content\/uploads\/2024\/07\/IMG_5828-578x1024.jpg\" alt=\"\" class=\"wp-image-171\" style=\"width:284px;height:auto\" srcset=\"http:\/\/pepites.net\/wp-content\/uploads\/2024\/07\/IMG_5828-578x1024.jpg 578w, http:\/\/pepites.net\/wp-content\/uploads\/2024\/07\/IMG_5828-600x1064.jpg 600w, http:\/\/pepites.net\/wp-content\/uploads\/2024\/07\/IMG_5828-169x300.jpg 169w, http:\/\/pepites.net\/wp-content\/uploads\/2024\/07\/IMG_5828.jpg 1170w\" sizes=\"(max-width: 578px) 100vw, 578px\" \/><\/figure>\n\n\n\n<p class=\"has-black-color has-text-color has-medium-font-size\"><a href=\"#\">La broderie<\/a><\/p>\n\n\n\n<p class=\"has-text-color\" style=\"color:#7a7a7a\">La broderie est une technique de personnalisation textile qui consiste \u00e0 coudre un motif, un logo ou un texte directement sur un tissu \u00e0 l&#8217;aide de fils color\u00e9s. R\u00e9alis\u00e9e avec une machine \u00e0 broder, cette m\u00e9thode est r\u00e9put\u00e9e pour sa durabilit\u00e9 et son rendu de haute qualit\u00e9. La broderie est id\u00e9ale pour des v\u00eatements, des casquettes ou des accessoires n\u00e9cessitant une finition \u00e9l\u00e9gante et professionnelle.<\/p>\n<\/div>\n<\/div>\n\n\n\n<div class=\"wp-block-columns alignwide is-layout-flex wp-container-core-columns-is-layout-9d6595d7 wp-block-columns-is-layout-flex\">\n<div class=\"wp-block-column is-layout-flow wp-block-column-is-layout-flow\">\n<figure class=\"wp-block-image size-large is-resized\"><img loading=\"lazy\" decoding=\"async\" width=\"579\" height=\"1024\" src=\"http:\/\/pepites.net\/wp-content\/uploads\/2024\/07\/IMG_9542-579x1024.jpg\" alt=\"\" class=\"wp-image-175\" style=\"width:248px;height:auto\" srcset=\"http:\/\/pepites.net\/wp-content\/uploads\/2024\/07\/IMG_9542-579x1024.jpg 579w, http:\/\/pepites.net\/wp-content\/uploads\/2024\/07\/IMG_9542-600x1061.jpg 600w, http:\/\/pepites.net\/wp-content\/uploads\/2024\/07\/IMG_9542-170x300.jpg 170w, http:\/\/pepites.net\/wp-content\/uploads\/2024\/07\/IMG_9542.jpg 1170w\" sizes=\"(max-width: 579px) 100vw, 579px\" \/><\/figure>\n\n\n\n<p class=\"has-black-color has-text-color has-medium-font-size\"><a href=\"#\">Les adh\u00e9sifs<\/a><\/p>\n\n\n\n<p class=\"has-text-color\" style=\"color:#7a7a7a\">L&#8217;adh\u00e9sif est un mat\u00e9riau autocollant utilis\u00e9 pour appliquer des motifs, des textes ou des images sur diverses surfaces, comme les vitrines, les v\u00e9hicules ou les murs. D\u00e9coup\u00e9 dans des feuilles de vinyle ou imprim\u00e9, l&#8217;adh\u00e9sif peut \u00eatre facilement pos\u00e9 et retir\u00e9, offrant une solution flexible pour la signal\u00e9tique, la d\u00e9coration ou la publicit\u00e9. Il est appr\u00e9ci\u00e9 pour sa durabilit\u00e9, sa r\u00e9sistance aux intemp\u00e9ries, et la vari\u00e9t\u00e9 de finitions disponibles.<\/p>\n<\/div>\n\n\n\n<div class=\"wp-block-column is-layout-flow wp-block-column-is-layout-flow\">\n<figure class=\"wp-block-image size-large is-resized\"><img loading=\"lazy\" decoding=\"async\" width=\"920\" height=\"1024\" src=\"http:\/\/pepites.net\/wp-content\/uploads\/2024\/07\/IMG_5831-920x1024.jpg\" alt=\"\" class=\"wp-image-178\" style=\"width:397px;height:auto\" srcset=\"http:\/\/pepites.net\/wp-content\/uploads\/2024\/07\/IMG_5831-920x1024.jpg 920w, http:\/\/pepites.net\/wp-content\/uploads\/2024\/07\/IMG_5831-scaled-600x668.jpg 600w, http:\/\/pepites.net\/wp-content\/uploads\/2024\/07\/IMG_5831-269x300.jpg 269w, http:\/\/pepites.net\/wp-content\/uploads\/2024\/07\/IMG_5831-2000x2227.jpg 2000w\" sizes=\"(max-width: 920px) 100vw, 920px\" \/><\/figure>\n\n\n\n<p class=\"has-black-color has-text-color has-medium-font-size\"><a href=\"#\">La sublimation<\/a><\/p>\n\n\n\n<p class=\"has-text-color\" style=\"color:#7a7a7a\">La sublimation est une technique d&#8217;impression qui utilise la chaleur pour transf\u00e9rer des encres sp\u00e9ciales sur des mat\u00e9riaux comme les tissus synth\u00e9tiques ou les objets en c\u00e9ramique. L&#8217;encre passe de l&#8217;\u00e9tat solide \u00e0 l&#8217;\u00e9tat gazeux sans passer par l&#8217;\u00e9tat liquide, ce qui permet une adh\u00e9sion profonde et durable au mat\u00e9riau. Cette m\u00e9thode offre des impressions vives, r\u00e9sistantes et de haute qualit\u00e9, id\u00e9ales pour des produits personnalis\u00e9s comme des v\u00eatements, des mugs, ou des accessoires.<\/p>\n<\/div>\n\n\n\n<div class=\"wp-block-column is-layout-flow wp-block-column-is-layout-flow\">\n<figure class=\"wp-block-image size-large is-resized\"><img loading=\"lazy\" decoding=\"async\" width=\"790\" height=\"1024\" src=\"http:\/\/pepites.net\/wp-content\/uploads\/2024\/07\/0A0527B0-4F1C-4B54-81E6-91F223179DD8-790x1024.jpeg\" alt=\"\" class=\"wp-image-169\" style=\"width:339px;height:auto\" srcset=\"http:\/\/pepites.net\/wp-content\/uploads\/2024\/07\/0A0527B0-4F1C-4B54-81E6-91F223179DD8-790x1024.jpeg 790w, http:\/\/pepites.net\/wp-content\/uploads\/2024\/07\/0A0527B0-4F1C-4B54-81E6-91F223179DD8-600x778.jpeg 600w, http:\/\/pepites.net\/wp-content\/uploads\/2024\/07\/0A0527B0-4F1C-4B54-81E6-91F223179DD8-231x300.jpeg 231w, http:\/\/pepites.net\/wp-content\/uploads\/2024\/07\/0A0527B0-4F1C-4B54-81E6-91F223179DD8.jpeg 1170w\" sizes=\"(max-width: 790px) 100vw, 790px\" \/><\/figure>\n\n\n\n<p class=\"has-black-color has-text-color has-medium-font-size\"><a href=\"#\">Les meubles en m\u00e9tal<\/a><\/p>\n\n\n\n<p class=\"has-text-color\" style=\"color:#7a7a7a\">Les meubles en m\u00e9tal artisanaux sont des pi\u00e8ces uniques fabriqu\u00e9es \u00e0 la main, souvent avec des techniques de travail du m\u00e9tal telles que le soudage, le d\u00e9coupage ou le fa\u00e7onnage. Chaque pi\u00e8ce est soigneusement con\u00e7ue et fabriqu\u00e9e pour allier fonctionnalit\u00e9 et esth\u00e9tique, souvent en utilisant des m\u00e9taux tels que l&#8217;acier, le fer ou l&#8217;aluminium. Ces meubles sont appr\u00e9ci\u00e9s pour leur robustesse, leur originalit\u00e9, et leur capacit\u00e9 \u00e0 apporter une touche distinctive \u00e0 tout espace int\u00e9rieur ou ext\u00e9rieur.<\/p>\n<\/div>\n<\/div>\n\n\n\n<p><\/p>\n\n\n\n<h3 class=\"wp-block-heading has-large-font-size\" id=\"inspiro-is-a-digital-product-agency-that-focuses-on-strategy-and-desig\" style=\"font-weight:300\">D\u00e9couvrez leur fabrication<\/h3>\n\n\n\n<figure class=\"wp-block-video aligncenter\"><video height=\"1920\" style=\"aspect-ratio: 1078 \/ 1920;\" width=\"1078\" controls src=\"http:\/\/pepites.net\/wp-content\/uploads\/2024\/07\/video-output-F70FEA56-6768-40B1-94C1-FBDC3BE5076E.mov\"><\/video><\/figure>\n\n\n\n<div style=\"height:100px\" aria-hidden=\"true\" class=\"wp-block-spacer\"><\/div>\n\n\n\n<div class=\"wp-block-cover alignfull\" style=\"padding-top:50px;padding-right:50px;padding-bottom:50px;padding-left:50px;min-height:316px;aspect-ratio:unset;\"><span aria-hidden=\"true\" class=\"wp-block-cover__background has-black-background-color has-background-dim-100 has-background-dim\"><\/span><div class=\"wp-block-cover__inner-container is-layout-flow wp-block-cover-is-layout-flow\">\n<div class=\"wp-block-columns are-vertically-aligned-center is-layout-flex wp-container-core-columns-is-layout-9d6595d7 wp-block-columns-is-layout-flex\">\n<div class=\"wp-block-column is-vertically-aligned-center is-layout-flow wp-block-column-is-layout-flow\" style=\"padding-top:20px;padding-right:0px;padding-bottom:20px;padding-left:0px\">\n<div class=\"wp-block-group is-content-justification-space-between is-nowrap is-layout-flex wp-container-core-group-is-layout-7ef4459a wp-block-group-is-layout-flex\">\n<figure class=\"wp-block-image size-full\"><img decoding=\"async\" src=\"http:\/\/pepites.net\/wp-content\/themes\/inspiro\/assets\/images\/laurel_left.png\" alt=\"\"\/><\/figure>\n\n\n\n<p class=\"has-text-align-center has-white-color has-text-color\" style=\"font-size:18px;line-height:1\">Cr\u00e9ation artisanale<\/p>\n\n\n\n<figure class=\"wp-block-image size-full\"><img decoding=\"async\" src=\"http:\/\/pepites.net\/wp-content\/themes\/inspiro\/assets\/images\/laurel_right.png\" alt=\"\"\/><\/figure>\n<\/div>\n<\/div>\n\n\n\n<div class=\"wp-block-column is-vertically-aligned-center is-layout-flow wp-block-column-is-layout-flow\" style=\"padding-top:20px;padding-right:0px;padding-bottom:20px;padding-left:0px\">\n<div class=\"wp-block-group is-content-justification-space-between is-nowrap is-layout-flex wp-container-core-group-is-layout-7ef4459a wp-block-group-is-layout-flex\">\n<figure class=\"wp-block-image size-full\"><img decoding=\"async\" src=\"http:\/\/pepites.net\/wp-content\/themes\/inspiro\/assets\/images\/laurel_left.png\" alt=\"\"\/><\/figure>\n\n\n\n<div class=\"wp-block-group\"><div class=\"wp-block-group__inner-container is-layout-flow wp-block-group-is-layout-flow\">\n<p class=\"has-text-align-center has-white-color has-text-color\" style=\"font-size:18px;line-height:1\">Cr\u00e9ation locale<\/p>\n<\/div><\/div>\n\n\n\n<figure class=\"wp-block-image size-full\"><img decoding=\"async\" src=\"http:\/\/pepites.net\/wp-content\/themes\/inspiro\/assets\/images\/laurel_right.png\" alt=\"\"\/><\/figure>\n<\/div>\n<\/div>\n\n\n\n<div class=\"wp-block-column is-vertically-aligned-center is-layout-flow wp-block-column-is-layout-flow\" style=\"padding-top:20px;padding-right:0px;padding-bottom:20px;padding-left:0px\">\n<div class=\"wp-block-group is-content-justification-space-between is-nowrap is-layout-flex wp-container-core-group-is-layout-7ef4459a wp-block-group-is-layout-flex\">\n<figure class=\"wp-block-image size-full\"><img decoding=\"async\" src=\"http:\/\/pepites.net\/wp-content\/themes\/inspiro\/assets\/images\/laurel_left.png\" alt=\"\"\/><\/figure>\n\n\n\n<p class=\"has-text-align-center has-white-color has-text-color\" style=\"font-size:18px;line-height:1\">Cr\u00e9ation unique<\/p>\n\n\n\n<figure class=\"wp-block-image size-full\"><img decoding=\"async\" src=\"http:\/\/pepites.net\/wp-content\/themes\/inspiro\/assets\/images\/laurel_right.png\" alt=\"\"\/><\/figure>\n<\/div>\n<\/div>\n<\/div>\n<\/div><\/div>\n","protected":false},"excerpt":{"rendered":"<p>La co-conceptualisation et le design thinking pour ceux qui ont besoin d&#8217;\u00eatre accompagn\u00e9 dans le processus de cr\u00e9ation et aussi et surtout des techniques pour donner corps aux id\u00e9es. Pour cela plusieurs technologies au service de vos cr\u00e9ations. La d\u00e9coupe plasma m\u00e9tal La d\u00e9coupe plasma m\u00e9tal est un proc\u00e9d\u00e9 qui utilise un jet de plasma [&hellip;]<\/p>\n","protected":false},"author":1,"featured_media":0,"parent":0,"menu_order":0,"comment_status":"closed","ping_status":"closed","template":"","meta":{"footnotes":""},"class_list":["post-47","page","type-page","status-publish","hentry"],"jetpack_sharing_enabled":true,"_links":{"self":[{"href":"http:\/\/pepites.net\/index.php?rest_route=\/wp\/v2\/pages\/47","targetHints":{"allow":["GET"]}}],"collection":[{"href":"http:\/\/pepites.net\/index.php?rest_route=\/wp\/v2\/pages"}],"about":[{"href":"http:\/\/pepites.net\/index.php?rest_route=\/wp\/v2\/types\/page"}],"author":[{"embeddable":true,"href":"http:\/\/pepites.net\/index.php?rest_route=\/wp\/v2\/users\/1"}],"replies":[{"embeddable":true,"href":"http:\/\/pepites.net\/index.php?rest_route=%2Fwp%2Fv2%2Fcomments&post=47"}],"version-history":[{"count":12,"href":"http:\/\/pepites.net\/index.php?rest_route=\/wp\/v2\/pages\/47\/revisions"}],"predecessor-version":[{"id":291,"href":"http:\/\/pepites.net\/index.php?rest_route=\/wp\/v2\/pages\/47\/revisions\/291"}],"wp:attachment":[{"href":"http:\/\/pepites.net\/index.php?rest_route=%2Fwp%2Fv2%2Fmedia&parent=47"}],"curies":[{"name":"wp","href":"https:\/\/api.w.org\/{rel}","templated":true}]}}