{"id":248,"date":"2024-08-19T10:54:27","date_gmt":"2024-08-19T08:54:27","guid":{"rendered":"http:\/\/pepites.net\/?page_id=248"},"modified":"2024-08-19T12:00:49","modified_gmt":"2024-08-19T10:00:49","slug":"pour-les-pros","status":"publish","type":"page","link":"http:\/\/pepites.net\/?page_id=248","title":{"rendered":"Pour les pros : Person\u00e6"},"content":{"rendered":"\n<p>Nous sommes ravis de vous pr\u00e9senter notre offre B to B, sp\u00e9cialement con\u00e7ue pour r\u00e9pondre aux besoins des entreprises et des professionnels. Nous proposons des solutions de personnalisation sur mesure pour une large gamme de produits, y compris des t-shirts, casquettes, tote bags, affiches grand format sur toile Canva, stickers, d\u00e9cor mural en m\u00e9tal et en bois, ainsi que des meubles en m\u00e9tal.<\/p>\n\n\n\n<p>Que vous soyez \u00e0 la recherche de produits pour vos \u00e9quipes, d&#8217;articles promotionnels, ou de solutions de d\u00e9coration personnalis\u00e9es pour vos locaux, notre service B to B est l\u00e0 pour vous offrir des cr\u00e9ations uniques et de haute qualit\u00e9. Nous travaillons en \u00e9troite collaboration avec vous pour concr\u00e9tiser vos projets, tout en respectant vos exigences sp\u00e9cifiques et votre budget.<\/p>\n\n\n\n<p>Faites confiance \u00e0 notre expertise pour ajouter une touche professionnelle \u00e0 votre entreprise avec des produits personnalis\u00e9s qui refl\u00e8tent votre identit\u00e9 et vos valeurs. Contactez-nous pour discuter de vos besoins et d\u00e9couvrir comment nous pouvons vous accompagner dans la r\u00e9alisation de vos projets.<\/p>\n\n\n\n<p><\/p>\n\n\n\n<h2 class=\"wp-block-heading\">Quelques exemples de notre offre B to B<\/h2>\n\n\n\n<figure class=\"wp-block-gallery has-nested-images columns-default is-cropped wp-block-gallery-1 is-layout-flex wp-block-gallery-is-layout-flex\">\n<figure class=\"wp-block-image size-large\"><img fetchpriority=\"high\" decoding=\"async\" width=\"1024\" height=\"980\" data-id=\"266\" src=\"http:\/\/pepites.net\/wp-content\/uploads\/2024\/08\/Untitled-design-1-1024x980.jpeg\" alt=\"\" class=\"wp-image-266\" srcset=\"http:\/\/pepites.net\/wp-content\/uploads\/2024\/08\/Untitled-design-1-1024x980.jpeg 1024w, http:\/\/pepites.net\/wp-content\/uploads\/2024\/08\/Untitled-design-1-600x574.jpeg 600w, http:\/\/pepites.net\/wp-content\/uploads\/2024\/08\/Untitled-design-1-300x287.jpeg 300w, http:\/\/pepites.net\/wp-content\/uploads\/2024\/08\/Untitled-design-1.jpeg 1197w\" sizes=\"(max-width: 1024px) 100vw, 1024px\" \/><\/figure>\n<\/figure>\n\n\n\n<figure class=\"wp-block-gallery has-nested-images columns-default is-cropped wp-block-gallery-2 is-layout-flex wp-block-gallery-is-layout-flex\">\n<figure class=\"wp-block-image size-large\"><img decoding=\"async\" width=\"737\" height=\"1024\" data-id=\"264\" src=\"http:\/\/pepites.net\/wp-content\/uploads\/2024\/08\/Offre-pepites-2-737x1024.jpeg\" alt=\"\" class=\"wp-image-264\" srcset=\"http:\/\/pepites.net\/wp-content\/uploads\/2024\/08\/Offre-pepites-2-737x1024.jpeg 737w, http:\/\/pepites.net\/wp-content\/uploads\/2024\/08\/Offre-pepites-2-600x833.jpeg 600w, http:\/\/pepites.net\/wp-content\/uploads\/2024\/08\/Offre-pepites-2-216x300.jpeg 216w, http:\/\/pepites.net\/wp-content\/uploads\/2024\/08\/Offre-pepites-2.jpeg 741w\" sizes=\"(max-width: 737px) 100vw, 737px\" \/><\/figure>\n\n\n\n<figure class=\"wp-block-image size-large\"><img decoding=\"async\" width=\"742\" height=\"1013\" data-id=\"261\" src=\"http:\/\/pepites.net\/wp-content\/uploads\/2024\/08\/Untitled-design-3.jpeg\" alt=\"\" class=\"wp-image-261\" srcset=\"http:\/\/pepites.net\/wp-content\/uploads\/2024\/08\/Untitled-design-3.jpeg 742w, http:\/\/pepites.net\/wp-content\/uploads\/2024\/08\/Untitled-design-3-600x819.jpeg 600w, http:\/\/pepites.net\/wp-content\/uploads\/2024\/08\/Untitled-design-3-220x300.jpeg 220w\" sizes=\"(max-width: 742px) 100vw, 742px\" \/><\/figure>\n<\/figure>\n\n\n\n<figure class=\"wp-block-gallery has-nested-images columns-default is-cropped wp-block-gallery-3 is-layout-flex wp-block-gallery-is-layout-flex\">\n<figure class=\"wp-block-image size-large\"><img loading=\"lazy\" decoding=\"async\" width=\"1024\" height=\"724\" data-id=\"268\" src=\"http:\/\/pepites.net\/wp-content\/uploads\/2024\/08\/Untitled-design-4-4-1024x724.jpeg\" alt=\"\" class=\"wp-image-268\" srcset=\"http:\/\/pepites.net\/wp-content\/uploads\/2024\/08\/Untitled-design-4-4-1024x724.jpeg 1024w, http:\/\/pepites.net\/wp-content\/uploads\/2024\/08\/Untitled-design-4-4-600x424.jpeg 600w, http:\/\/pepites.net\/wp-content\/uploads\/2024\/08\/Untitled-design-4-4-300x212.jpeg 300w, http:\/\/pepites.net\/wp-content\/uploads\/2024\/08\/Untitled-design-4-4.jpeg 1440w\" sizes=\"(max-width: 1024px) 100vw, 1024px\" \/><\/figure>\n<\/figure>\n","protected":false},"excerpt":{"rendered":"<p>Nous sommes ravis de vous pr\u00e9senter notre offre B to B, sp\u00e9cialement con\u00e7ue pour r\u00e9pondre aux besoins des entreprises et des professionnels. Nous proposons des solutions de personnalisation sur mesure pour une large gamme de produits, y compris des t-shirts, casquettes, tote bags, affiches grand format sur toile Canva, stickers, d\u00e9cor mural en m\u00e9tal et [&hellip;]<\/p>\n","protected":false},"author":1,"featured_media":0,"parent":0,"menu_order":0,"comment_status":"closed","ping_status":"closed","template":"","meta":{"footnotes":""},"class_list":["post-248","page","type-page","status-publish","hentry"],"jetpack_sharing_enabled":true,"_links":{"self":[{"href":"http:\/\/pepites.net\/index.php?rest_route=\/wp\/v2\/pages\/248","targetHints":{"allow":["GET"]}}],"collection":[{"href":"http:\/\/pepites.net\/index.php?rest_route=\/wp\/v2\/pages"}],"about":[{"href":"http:\/\/pepites.net\/index.php?rest_route=\/wp\/v2\/types\/page"}],"author":[{"embeddable":true,"href":"http:\/\/pepites.net\/index.php?rest_route=\/wp\/v2\/users\/1"}],"replies":[{"embeddable":true,"href":"http:\/\/pepites.net\/index.php?rest_route=%2Fwp%2Fv2%2Fcomments&post=248"}],"version-history":[{"count":4,"href":"http:\/\/pepites.net\/index.php?rest_route=\/wp\/v2\/pages\/248\/revisions"}],"predecessor-version":[{"id":273,"href":"http:\/\/pepites.net\/index.php?rest_route=\/wp\/v2\/pages\/248\/revisions\/273"}],"wp:attachment":[{"href":"http:\/\/pepites.net\/index.php?rest_route=%2Fwp%2Fv2%2Fmedia&parent=248"}],"curies":[{"name":"wp","href":"https:\/\/api.w.org\/{rel}","templated":true}]}}